{"id":7229,"date":"2022-01-12T09:23:33","date_gmt":"2022-01-12T08:23:33","guid":{"rendered":"https:\/\/oxford.wearebatman.be\/product\/evolution-enviolo-hoog\/"},"modified":"2022-04-05T10:55:53","modified_gmt":"2022-04-05T09:55:53","slug":"evolution-enviolo-hoog","status":"publish","type":"product","link":"https:\/\/www.oxfordbikes.be\/fr\/product\/evolution-enviolo-hoog\/","title":{"rendered":"Evolution Enviolo"},"content":{"rendered":"<p>[et_pb_section fb_built=&#8221;1&#8243; specialty=&#8221;on&#8221; module_id_1=&#8221;productdetails-col-1&#8243; module_id_2=&#8221;productdetails-col-2&#8243; module_id=&#8221;productdetails&#8221; _builder_version=&#8221;4.15&#8243; _module_preset=&#8221;default&#8221; inner_module_alignment=&#8221;center&#8221; global_colors_info=&#8221;{}&#8221;][et_pb_column type=&#8221;1_4&#8243; _builder_version=&#8221;4.15&#8243; custom_padding=&#8221;|||&#8221; global_colors_info=&#8221;{}&#8221; custom_padding__hover=&#8221;|||&#8221;][et_pb_wc_title module_id=&#8221;product-detail-title&#8221; _builder_version=&#8221;4.15&#8243; _module_preset=&#8221;default&#8221; global_colors_info=&#8221;{}&#8221;][\/et_pb_wc_title][et_pb_code admin_label=&#8221;Framemodel&#8221; module_id=&#8221;product-detail-framemodel&#8221; _builder_version=&#8221;4.15.1&#8243; _module_preset=&#8221;default&#8221; hover_enabled=&#8221;0&#8243; global_colors_info=&#8221;{}&#8221; sticky_enabled=&#8221;0&#8243;]<label>MOD\u00c8LE DE CADRE<\/label><!-- [et_pb_line_break_holder] --><a href=\"\/fr\/product\/evolution-enviolo-laag\"><\/p>\n<div class=\"frame framelaag\"><span class=\"frametext\">Bas<\/span><\/div>\n<p><\/a><!-- [et_pb_line_break_holder] --><\/p>\n<div class=\"frame framehoog active\"><span class=\"frametext\">Haut<\/span><\/div>\n<p><\/a>[\/et_pb_code][et_pb_wc_add_to_cart module_id=&#8221;product-detail-cart&#8221; _builder_version=&#8221;4.15&#8243; _module_preset=&#8221;default&#8221; global_colors_info=&#8221;{}&#8221;][\/et_pb_wc_add_to_cart][et_pb_text admin_label=&#8221;fiets&#8221; module_id=&#8221;product-detail-fiets&#8221; _builder_version=&#8221;4.15.1&#8243; _dynamic_attributes=&#8221;link_option_url&#8221; _module_preset=&#8221;default&#8221; link_option_url=&#8221;@ET-DC@eyJkeW5hbWljIjp0cnVlLCJjb250ZW50IjoicG9zdF9saW5rX3VybF9wYWdlIiwic2V0dGluZ3MiOnsicG9zdF9pZCI6IjE1NCJ9fQ==@&#8221; hover_enabled=&#8221;0&#8243; global_colors_info=&#8221;{}&#8221; sticky_enabled=&#8221;0&#8243;]<\/p>\n<h3>JE VEUX CE V\u00c9LO OXFORD!<\/h3>\n<p>Trouvez un magasin dans votre r\u00e9gion<\/p>\n<p>[\/et_pb_text][\/et_pb_column][et_pb_column type=&#8221;3_4&#8243; specialty_columns=&#8221;3&#8243; _builder_version=&#8221;4.15&#8243; custom_padding=&#8221;|||&#8221; global_colors_info=&#8221;{}&#8221; custom_padding__hover=&#8221;|||&#8221;][et_pb_row_inner _builder_version=&#8221;4.15&#8243; _module_preset=&#8221;default&#8221; global_colors_info=&#8221;{}&#8221;][et_pb_column_inner saved_specialty_column_type=&#8221;3_4&#8243; _builder_version=&#8221;4.15&#8243; _module_preset=&#8221;default&#8221; global_colors_info=&#8221;{}&#8221;][et_pb_slider use_bg_overlay=&#8221;off&#8221; arrows_custom_color=&#8221;#293841&#8243; dot_nav_custom_color=&#8221;#293841&#8243; admin_label=&#8221;Slider&#8221; module_id=&#8221;product-detail-slider1&#8243; _builder_version=&#8221;4.15&#8243; _module_preset=&#8221;default&#8221; background_color=&#8221;RGBA(255,255,255,0)&#8221; width=&#8221;100%&#8221; global_colors_info=&#8221;{}&#8221;][et_pb_slide _builder_version=&#8221;4.15&#8243; _module_preset=&#8221;default&#8221; background_color=&#8221;RGBA(255,255,255,0)&#8221; background_enable_color=&#8221;on&#8221; background_image=&#8221;https:\/\/oxfordbikes.be\/wp-content\/uploads\/2022\/01\/Oxford_E-bike_elektrische-fiets_herenfiets_Evolution_Shimano_Steps_Enviolo_traploos_50-Nm_Oceaan_LR.jpg&#8221; background_enable_image=&#8221;on&#8221; background_size=&#8221;contain&#8221; width=&#8221;100%&#8221; custom_css_main_element=&#8221;height:450px;&#8221; global_colors_info=&#8221;{}&#8221; sticky_transition=&#8221;on&#8221;][\/et_pb_slide][et_pb_slide _builder_version=&#8221;4.15&#8243; _module_preset=&#8221;default&#8221; background_color=&#8221;RGBA(255,255,255,0)&#8221; background_enable_color=&#8221;on&#8221; background_image=&#8221;https:\/\/oxfordbikes.be\/wp-content\/uploads\/2022\/01\/kleurtint_ontbreekt_LR.jpg&#8221; background_enable_image=&#8221;on&#8221; background_size=&#8221;contain&#8221; width=&#8221;100%&#8221; custom_css_main_element=&#8221;height:450px;&#8221; global_colors_info=&#8221;{}&#8221; sticky_transition=&#8221;on&#8221;][\/et_pb_slide][\/et_pb_slider][\/et_pb_column_inner][\/et_pb_row_inner][et_pb_row_inner column_structure=&#8221;1_2,1_2&#8243; module_id=&#8221;row-attributes&#8221; _builder_version=&#8221;4.15&#8243; _module_preset=&#8221;default&#8221; global_colors_info=&#8221;{}&#8221;][et_pb_column_inner type=&#8221;1_2&#8243; saved_specialty_column_type=&#8221;3_4&#8243; _builder_version=&#8221;4.15&#8243; _module_preset=&#8221;default&#8221; global_colors_info=&#8221;{}&#8221;][et_pb_code admin_label=&#8221;Attributes&#8221; module_id=&#8221;product-detail-attribtues&#8221; _builder_version=&#8221;4.15&#8243; _module_preset=&#8221;default&#8221; global_colors_info=&#8221;{}&#8221;]<ul><li><strong>Mod\u00e8le d E-bike: <\/strong><span>Evolution Enviolo<\/span><\/li><li><strong>\u00c9lectrique: <\/strong><span>Oui<\/span><\/li><li><strong>Couleur: <\/strong><span>Ocean Mat<\/span><\/li><li><strong>Type d E-Bike: <\/strong><span>V\u00e9lo \u00e9lectrique de ville<\/span><\/li><li><strong>Type d&#039;ex\u00e9cution: <\/strong><span>Enviolo City<\/span><\/li><li><strong>Type d&#039;engrenage: <\/strong><span>Engrenage de moyeu<\/span><\/li><li><strong>Nombres de Vitesses: <\/strong><span>engrenage \u00e0 variation continue<\/span><\/li><li><strong>Syst\u00e8me moteur: <\/strong><span>Shimano Steps<\/span><\/li><li><strong>Version du moteur: <\/strong><span>Shimano Steps E-6100<\/span><\/li><li><strong>Position du moteur: <\/strong><span>Moteur central<\/span><\/li><li><strong>Couple: <\/strong><span>60 Nm<\/span><\/li><li><strong>Emplacement de la batterie: <\/strong><span>Porte-bagages int\u00e9gr\u00e9 \u00e0 la combinaison<\/span><\/li><li><strong>Version batterie: <\/strong><span>Steps accu 418, Steps accu 504<\/span><\/li><li><strong>Capacit\u00e9 de la batterie: <\/strong><span>418 Wh, 504 Wh<\/span><\/li><li><strong>Autonomie de la batterie: <\/strong><span>120, 145<\/span><\/li><li><strong>Transmission: <\/strong><span>Cha\u00eene<\/span><\/li><li><strong>Garde-cha\u00eene: <\/strong><span>Garde-cha\u00eene ferm\u00e9<\/span><\/li><li><strong>Freins: <\/strong><span>Freins \u00e0 disque hydrauliques<\/span><\/li><li><strong>Fourche: <\/strong><span>Headshock<\/span><\/li><li><strong>Jeu de direction avec serrure: <\/strong><span>Non<\/span><\/li><li><strong>Pneus: <\/strong><span>Schwalbe Energizer Plus<\/span><\/li><li><strong>Jantes: <\/strong><span>A double paroi \u00e0 double buste<\/span><\/li><li><strong>Selle: <\/strong><span>Selle Royal<\/span><\/li><li><strong>Tige de selle: <\/strong><span>Printemps<\/span><\/li><li><strong>Potence de guidon: <\/strong><span>A-Head r\u00e9glable manuellement<\/span><\/li><li><strong>Serrure: <\/strong><span>Axa Victory<\/span><\/li><li><strong>Feu avant: <\/strong><span>Axa Blueline 30-E<\/span><\/li><li><strong>Feu arri\u00e8re: <\/strong><span>Axa Blueline<\/span><\/li><li><strong>Port-bagages avant: <\/strong><span>Non<\/span><\/li><li><strong>Mod\u00e8le de cadre: <\/strong><span>Haut<\/span><\/li><li><strong>Dimension du cadre: <\/strong><span>50, 57, 61<\/span><\/li><li><strong>Dimension des roues: <\/strong><span>28 pouces<\/span><\/li><li><strong>Poids: <\/strong><span>24,5 kg<\/span><\/li><li><strong>Nuance de couleur: <\/strong><span>Bleu<\/span><\/li><li><strong>Info: <\/strong><span>Non<\/span><\/li><\/ul>[\/et_pb_code][\/et_pb_column_inner][et_pb_column_inner type=&#8221;1_2&#8243; saved_specialty_column_type=&#8221;3_4&#8243; _builder_version=&#8221;4.15&#8243; _module_preset=&#8221;default&#8221; global_colors_info=&#8221;{}&#8221;][et_pb_wc_description _builder_version=&#8221;4.15&#8243; _module_preset=&#8221;default&#8221; global_colors_info=&#8221;{}&#8221;][\/et_pb_wc_description][\/et_pb_column_inner][\/et_pb_row_inner][\/et_pb_column][\/et_pb_section]<\/p>\n","protected":false},"excerpt":{"rendered":"<p class=\"p1\">Con\u00e7u pour ceux qui croquent la vie \u00e0 pleines dents. Avec cet \u00e9l\u00e9gant<br \/>\nEvolution Enviolo, vous traversez la vie en toute confiance et efficacit\u00e9.<br \/>\nL\u2019engrenage de moyeu \u00e0 variation continue d\u2019Enviolo peut \u00eatre adapt\u00e9<br \/>\n\u00e0 vos souhaits et besoins. Le cadre g\u00e9om\u00e9trique assure une position<br \/>\nassise optimale, de sorte \u00e0 profiter d\u2019une vue parfaite sur les environs<br \/>\net le trafic intense.<\/p>\n<p><strong>Besoin d\u2019aide avec tous les termes techniques du filtre ? Nous sommes heureux de l\u2019expliquer sur\u00a0<\/strong><a href=\"https:\/\/oxfordbikes.be\/fr\/termes-techniques\"><strong>cette page<\/strong><\/a><\/p>\n","protected":false},"featured_media":2753,"template":"","meta":{"_et_pb_use_builder":"on","_et_pb_old_content":"","_et_gb_content_width":""},"product_brand":[],"product_cat":[807],"product_tag":[],"class_list":{"0":"post-7229","1":"product","2":"type-product","3":"status-publish","4":"has-post-thumbnail","6":"product_cat-elektrische-fietsen-fr","7":"pa_aantal-versnellingen-engrenage-a-variation-continue","8":"pa_achterlicht-axa-blueline-fr","9":"pa_balhoofdslot-non","10":"pa_banden-schwalbe-energizer-plus-fr","11":"pa_batterij-actieradius-120-fr","12":"pa_batterij-actieradius-145-fr","13":"pa_batterij-positie-sous-le-porte-bagage","14":"pa_batterij-uitvoering-steps-accu-418-fr","15":"pa_batterij-uitvoering-steps-accu-504-fr","16":"pa_batterijcapaciteit-418-wh-fr","17":"pa_batterijcapaciteit-504-wh-fr","18":"pa_ebike-model-evolution-enviolo-fr","19":"pa_elektrisch-oui-fr","20":"pa_frame-maat-50-fr","21":"pa_frame-maat-57-fr","22":"pa_frame-maat-61-fr","23":"pa_framemodel-haut","24":"pa_gewicht-24-5-kg-fr","25":"pa_info-aucun","26":"pa_kettingkast-garde-chaine-ferme","27":"pa_kleur-ocean-mat","28":"pa_kleurtint-bleu","29":"pa_koppel-60-nm-fr","30":"pa_motor-positie-moteur-central","31":"pa_motor-uitvoering-shimano-steps-e-6100-fr","32":"pa_motorsysteem-shimano-steps-fr","33":"pa_overbrenging-chaine","34":"pa_remmen-freins-a-disques-hydrauliques","35":"pa_slot-axa-victory-fr","36":"pa_stuurpen-a-head-reglable-manuellement","37":"pa_type-e-bike-velo-de-ville-electrique","38":"pa_type-uitvoering-enviolo-city-fr","39":"pa_type-versnelling-engrenage-de-moyeu","40":"pa_velgen-double-paroi-double-oeilleton","41":"pa_voorlicht-axa-blueline-30-e-fr","42":"pa_voorpakdrager-non-fr","43":"pa_vork-headshock-fr","44":"pa_wielgrootte-28-inch-fr","45":"pa_zadel-selle-royal-fr","46":"pa_zadelpen-a-ressort","48":"first","49":"instock","50":"shipping-taxable","51":"product-type-variable"},"yoast_head":"<!-- This site is optimized with the Yoast SEO plugin v26.6 - https:\/\/yoast.com\/wordpress\/plugins\/seo\/ -->\n<title>Evolution Enviolo - Oxford Fietsen<\/title>\n<meta name=\"robots\" content=\"index, follow, max-snippet:-1, max-image-preview:large, max-video-preview:-1\" \/>\n<link rel=\"canonical\" href=\"https:\/\/www.oxfordbikes.be\/fr\/product\/evolution-enviolo-hoog\/\" \/>\n<meta property=\"og:locale\" content=\"fr_FR\" \/>\n<meta property=\"og:type\" content=\"article\" \/>\n<meta property=\"og:title\" content=\"Evolution Enviolo - Oxford Fietsen\" \/>\n<meta property=\"og:description\" content=\"Con\u00e7u pour ceux qui croquent la vie \u00e0 pleines dents. Avec cet \u00e9l\u00e9gant Evolution Enviolo, vous traversez la vie en toute confiance et efficacit\u00e9. L\u2019engrenage de moyeu \u00e0 variation continue d\u2019Enviolo peut \u00eatre adapt\u00e9 \u00e0 vos souhaits et besoins. Le cadre g\u00e9om\u00e9trique assure une position assise optimale, de sorte \u00e0 profiter d\u2019une vue parfaite sur les environs et le trafic intense. Besoin d\u2019aide avec tous les termes techniques du filtre ? Nous sommes heureux de l\u2019expliquer sur\u00a0cette page\" \/>\n<meta property=\"og:url\" content=\"https:\/\/www.oxfordbikes.be\/fr\/product\/evolution-enviolo-hoog\/\" \/>\n<meta property=\"og:site_name\" content=\"Oxford Fietsen\" \/>\n<meta property=\"article:publisher\" content=\"https:\/\/www.facebook.com\/Oxfordbikes\" \/>\n<meta property=\"article:modified_time\" content=\"2022-04-05T09:55:53+00:00\" \/>\n<meta property=\"og:image\" content=\"https:\/\/www.oxfordbikes.be\/wp-content\/uploads\/2022\/01\/Oxford_E-bike_elektrische-fiets_herenfiets_Evolution_Shimano_Steps_Enviolo_traploos_50-Nm_Oceaan_LR.jpg\" \/>\n\t<meta property=\"og:image:width\" content=\"1000\" \/>\n\t<meta property=\"og:image:height\" content=\"666\" \/>\n\t<meta property=\"og:image:type\" content=\"image\/jpeg\" \/>\n<meta name=\"twitter:card\" content=\"summary_large_image\" \/>\n<meta name=\"twitter:label1\" content=\"Est. reading time\" \/>\n\t<meta name=\"twitter:data1\" content=\"2 minutes\" \/>\n<script type=\"application\/ld+json\" class=\"yoast-schema-graph\">{\"@context\":\"https:\/\/schema.org\",\"@graph\":[{\"@type\":\"WebPage\",\"@id\":\"https:\/\/www.oxfordbikes.be\/fr\/product\/evolution-enviolo-hoog\/\",\"url\":\"https:\/\/www.oxfordbikes.be\/fr\/product\/evolution-enviolo-hoog\/\",\"name\":\"Evolution Enviolo - Oxford Fietsen\",\"isPartOf\":{\"@id\":\"https:\/\/www.oxfordbikes.be\/#website\"},\"primaryImageOfPage\":{\"@id\":\"https:\/\/www.oxfordbikes.be\/fr\/product\/evolution-enviolo-hoog\/#primaryimage\"},\"image\":{\"@id\":\"https:\/\/www.oxfordbikes.be\/fr\/product\/evolution-enviolo-hoog\/#primaryimage\"},\"thumbnailUrl\":\"https:\/\/www.oxfordbikes.be\/wp-content\/uploads\/2022\/01\/Oxford_E-bike_elektrische-fiets_herenfiets_Evolution_Shimano_Steps_Enviolo_traploos_50-Nm_Oceaan_LR.jpg\",\"datePublished\":\"2022-01-12T08:23:33+00:00\",\"dateModified\":\"2022-04-05T09:55:53+00:00\",\"breadcrumb\":{\"@id\":\"https:\/\/www.oxfordbikes.be\/fr\/product\/evolution-enviolo-hoog\/#breadcrumb\"},\"inLanguage\":\"fr-FR\",\"potentialAction\":[{\"@type\":\"ReadAction\",\"target\":[\"https:\/\/www.oxfordbikes.be\/fr\/product\/evolution-enviolo-hoog\/\"]}]},{\"@type\":\"ImageObject\",\"inLanguage\":\"fr-FR\",\"@id\":\"https:\/\/www.oxfordbikes.be\/fr\/product\/evolution-enviolo-hoog\/#primaryimage\",\"url\":\"https:\/\/www.oxfordbikes.be\/wp-content\/uploads\/2022\/01\/Oxford_E-bike_elektrische-fiets_herenfiets_Evolution_Shimano_Steps_Enviolo_traploos_50-Nm_Oceaan_LR.jpg\",\"contentUrl\":\"https:\/\/www.oxfordbikes.be\/wp-content\/uploads\/2022\/01\/Oxford_E-bike_elektrische-fiets_herenfiets_Evolution_Shimano_Steps_Enviolo_traploos_50-Nm_Oceaan_LR.jpg\",\"width\":1000,\"height\":666},{\"@type\":\"BreadcrumbList\",\"@id\":\"https:\/\/www.oxfordbikes.be\/fr\/product\/evolution-enviolo-hoog\/#breadcrumb\",\"itemListElement\":[{\"@type\":\"ListItem\",\"position\":1,\"name\":\"Home\",\"item\":\"https:\/\/www.oxfordbikes.be\/\"},{\"@type\":\"ListItem\",\"position\":2,\"name\":\"Shop\",\"item\":\"https:\/\/www.oxfordbikes.be\/shop\/\"},{\"@type\":\"ListItem\",\"position\":3,\"name\":\"Evolution Enviolo\"}]},{\"@type\":\"WebSite\",\"@id\":\"https:\/\/www.oxfordbikes.be\/#website\",\"url\":\"https:\/\/www.oxfordbikes.be\/\",\"name\":\"Oxford Fietsen\",\"description\":\"Gemaakt voor jou!\",\"potentialAction\":[{\"@type\":\"SearchAction\",\"target\":{\"@type\":\"EntryPoint\",\"urlTemplate\":\"https:\/\/www.oxfordbikes.be\/?s={search_term_string}\"},\"query-input\":{\"@type\":\"PropertyValueSpecification\",\"valueRequired\":true,\"valueName\":\"search_term_string\"}}],\"inLanguage\":\"fr-FR\"}]}<\/script>\n<!-- \/ Yoast SEO plugin. -->","yoast_head_json":{"title":"Evolution Enviolo - Oxford Fietsen","robots":{"index":"index","follow":"follow","max-snippet":"max-snippet:-1","max-image-preview":"max-image-preview:large","max-video-preview":"max-video-preview:-1"},"canonical":"https:\/\/www.oxfordbikes.be\/fr\/product\/evolution-enviolo-hoog\/","og_locale":"fr_FR","og_type":"article","og_title":"Evolution Enviolo - Oxford Fietsen","og_description":"Con\u00e7u pour ceux qui croquent la vie \u00e0 pleines dents. Avec cet \u00e9l\u00e9gant Evolution Enviolo, vous traversez la vie en toute confiance et efficacit\u00e9. L\u2019engrenage de moyeu \u00e0 variation continue d\u2019Enviolo peut \u00eatre adapt\u00e9 \u00e0 vos souhaits et besoins. Le cadre g\u00e9om\u00e9trique assure une position assise optimale, de sorte \u00e0 profiter d\u2019une vue parfaite sur les environs et le trafic intense. Besoin d\u2019aide avec tous les termes techniques du filtre ? Nous sommes heureux de l\u2019expliquer sur\u00a0cette page","og_url":"https:\/\/www.oxfordbikes.be\/fr\/product\/evolution-enviolo-hoog\/","og_site_name":"Oxford Fietsen","article_publisher":"https:\/\/www.facebook.com\/Oxfordbikes","article_modified_time":"2022-04-05T09:55:53+00:00","og_image":[{"width":1000,"height":666,"url":"https:\/\/www.oxfordbikes.be\/wp-content\/uploads\/2022\/01\/Oxford_E-bike_elektrische-fiets_herenfiets_Evolution_Shimano_Steps_Enviolo_traploos_50-Nm_Oceaan_LR.jpg","type":"image\/jpeg"}],"twitter_card":"summary_large_image","twitter_misc":{"Est. reading time":"2 minutes"},"schema":{"@context":"https:\/\/schema.org","@graph":[{"@type":"WebPage","@id":"https:\/\/www.oxfordbikes.be\/fr\/product\/evolution-enviolo-hoog\/","url":"https:\/\/www.oxfordbikes.be\/fr\/product\/evolution-enviolo-hoog\/","name":"Evolution Enviolo - Oxford Fietsen","isPartOf":{"@id":"https:\/\/www.oxfordbikes.be\/#website"},"primaryImageOfPage":{"@id":"https:\/\/www.oxfordbikes.be\/fr\/product\/evolution-enviolo-hoog\/#primaryimage"},"image":{"@id":"https:\/\/www.oxfordbikes.be\/fr\/product\/evolution-enviolo-hoog\/#primaryimage"},"thumbnailUrl":"https:\/\/www.oxfordbikes.be\/wp-content\/uploads\/2022\/01\/Oxford_E-bike_elektrische-fiets_herenfiets_Evolution_Shimano_Steps_Enviolo_traploos_50-Nm_Oceaan_LR.jpg","datePublished":"2022-01-12T08:23:33+00:00","dateModified":"2022-04-05T09:55:53+00:00","breadcrumb":{"@id":"https:\/\/www.oxfordbikes.be\/fr\/product\/evolution-enviolo-hoog\/#breadcrumb"},"inLanguage":"fr-FR","potentialAction":[{"@type":"ReadAction","target":["https:\/\/www.oxfordbikes.be\/fr\/product\/evolution-enviolo-hoog\/"]}]},{"@type":"ImageObject","inLanguage":"fr-FR","@id":"https:\/\/www.oxfordbikes.be\/fr\/product\/evolution-enviolo-hoog\/#primaryimage","url":"https:\/\/www.oxfordbikes.be\/wp-content\/uploads\/2022\/01\/Oxford_E-bike_elektrische-fiets_herenfiets_Evolution_Shimano_Steps_Enviolo_traploos_50-Nm_Oceaan_LR.jpg","contentUrl":"https:\/\/www.oxfordbikes.be\/wp-content\/uploads\/2022\/01\/Oxford_E-bike_elektrische-fiets_herenfiets_Evolution_Shimano_Steps_Enviolo_traploos_50-Nm_Oceaan_LR.jpg","width":1000,"height":666},{"@type":"BreadcrumbList","@id":"https:\/\/www.oxfordbikes.be\/fr\/product\/evolution-enviolo-hoog\/#breadcrumb","itemListElement":[{"@type":"ListItem","position":1,"name":"Home","item":"https:\/\/www.oxfordbikes.be\/"},{"@type":"ListItem","position":2,"name":"Shop","item":"https:\/\/www.oxfordbikes.be\/shop\/"},{"@type":"ListItem","position":3,"name":"Evolution Enviolo"}]},{"@type":"WebSite","@id":"https:\/\/www.oxfordbikes.be\/#website","url":"https:\/\/www.oxfordbikes.be\/","name":"Oxford Fietsen","description":"Gemaakt voor jou!","potentialAction":[{"@type":"SearchAction","target":{"@type":"EntryPoint","urlTemplate":"https:\/\/www.oxfordbikes.be\/?s={search_term_string}"},"query-input":{"@type":"PropertyValueSpecification","valueRequired":true,"valueName":"search_term_string"}}],"inLanguage":"fr-FR"}]}},"_links":{"self":[{"href":"https:\/\/www.oxfordbikes.be\/fr\/wp-json\/wp\/v2\/product\/7229","targetHints":{"allow":["GET"]}}],"collection":[{"href":"https:\/\/www.oxfordbikes.be\/fr\/wp-json\/wp\/v2\/product"}],"about":[{"href":"https:\/\/www.oxfordbikes.be\/fr\/wp-json\/wp\/v2\/types\/product"}],"wp:featuredmedia":[{"embeddable":true,"href":"https:\/\/www.oxfordbikes.be\/fr\/wp-json\/wp\/v2\/media\/2753"}],"wp:attachment":[{"href":"https:\/\/www.oxfordbikes.be\/fr\/wp-json\/wp\/v2\/media?parent=7229"}],"wp:term":[{"taxonomy":"product_brand","embeddable":true,"href":"https:\/\/www.oxfordbikes.be\/fr\/wp-json\/wp\/v2\/product_brand?post=7229"},{"taxonomy":"product_cat","embeddable":true,"href":"https:\/\/www.oxfordbikes.be\/fr\/wp-json\/wp\/v2\/product_cat?post=7229"},{"taxonomy":"product_tag","embeddable":true,"href":"https:\/\/www.oxfordbikes.be\/fr\/wp-json\/wp\/v2\/product_tag?post=7229"}],"curies":[{"name":"wp","href":"https:\/\/api.w.org\/{rel}","templated":true}]}}